{"id":895,"date":"2023-06-14T00:25:03","date_gmt":"2023-06-13T22:25:03","guid":{"rendered":"https:\/\/buchprinzessin-nina.at\/shop\/?post_type=product&#038;p=895"},"modified":"2023-06-27T17:33:48","modified_gmt":"2023-06-27T15:33:48","slug":"pokemon-sammelkarten-karmesin-purpur-entwicklungen-in-paldea-booster-pack","status":"publish","type":"product","link":"https:\/\/buchprinzessin-nina.at\/shop\/produkt\/pokemon-sammelkarten-karmesin-purpur-entwicklungen-in-paldea-booster-pack\/","title":{"rendered":"Pok\u00e9mon Sammelkarten Karmesin &#038; Purpur &#8211; Entwicklungen in Paldea Booster Pack"},"content":{"rendered":"<h2><i><b>Was f\u00fcr ein furioser Auftritt!<\/b><\/i><\/h2>\n<p><i>Neue M\u00e4chte erwachen, bedrohliche Legenden offenbaren sich \u2013 es herrscht Hochspannung! Die ersten Partner-Pok\u00e9mon haben sich entwickelt und jetzt betreten Maskagato-ex, Skelokrok-ex sowie Bailonda-ex die B\u00fchne mit faszinierendem Zauber, Gesang und Tanz. Forstellka, Laschoking und Dedenne gl\u00e4nzen derweil als Terakristall-Pok\u00e9mon-ex und Baojian-ex, Dinglu-ex und andere bergen be\u00e4ngstigende Kr\u00e4fte, deren Kontrolle viel Mut verlangt. Selbst Pikachu gesellt sich zu den Pok\u00e9mon-ex in der Pok\u00e9mon-Sammelkartenspiel-Erweiterung Karmesin &amp; Purpur \u2013 Entwicklungen in Paldea!<\/i><\/p>\n<h3>Inhalt:<\/h3>\n<ul class=\"st-u-mt web-features\">\n<li>10 zuf\u00e4llig sortierte Karten in jedem Booster Pack<\/li>\n<li>Zus\u00e4tzlich jeweils enthalten: 1x Code-Karte f\u00fcr Online Booster Pack f\u00fcr die Online-Version des Pok\u00e9mon Sammelkartenspiels<\/li>\n<li>Diesen Artikel gibt es in verschiedenen Varianten (H\u00fcllen) und eine Vorauswahl ist online nicht m\u00f6glich \u2013 du erh\u00e4ltst einen von uns ausgew\u00e4hlten Booster Pack<\/li>\n<\/ul>\n","protected":false},"excerpt":{"rendered":"<p>Pokemon Booster Pack mit je 10 Sammelkarten zu Karmesin und Purpur &#8211; Entwicklung in Paldea, die zweite Erweiterung\u00a0aus dem Karmesin &amp; Purpur-Zyklus.<\/p>\n","protected":false},"featured_media":905,"template":"","meta":[],"product_brand":[],"product_cat":[86],"product_tag":[89,88,87,90],"class_list":{"0":"post-895","1":"product","2":"type-product","3":"status-publish","4":"has-post-thumbnail","6":"product_cat-pokemon","7":"product_tag-entwicklung-in-paldea","8":"product_tag-karmesin-und-purpu","9":"product_tag-pokemon-booster","10":"product_tag-sammelkarten","11":"product_shipping_class-brief-klein","13":"first","14":"instock","15":"taxable","16":"shipping-taxable","17":"purchasable","18":"product-type-simple"},"_links":{"self":[{"href":"https:\/\/buchprinzessin-nina.at\/shop\/wp-json\/wp\/v2\/product\/895","targetHints":{"allow":["GET"]}}],"collection":[{"href":"https:\/\/buchprinzessin-nina.at\/shop\/wp-json\/wp\/v2\/product"}],"about":[{"href":"https:\/\/buchprinzessin-nina.at\/shop\/wp-json\/wp\/v2\/types\/product"}],"wp:featuredmedia":[{"embeddable":true,"href":"https:\/\/buchprinzessin-nina.at\/shop\/wp-json\/wp\/v2\/media\/905"}],"wp:attachment":[{"href":"https:\/\/buchprinzessin-nina.at\/shop\/wp-json\/wp\/v2\/media?parent=895"}],"wp:term":[{"taxonomy":"product_brand","embeddable":true,"href":"https:\/\/buchprinzessin-nina.at\/shop\/wp-json\/wp\/v2\/product_brand?post=895"},{"taxonomy":"product_cat","embeddable":true,"href":"https:\/\/buchprinzessin-nina.at\/shop\/wp-json\/wp\/v2\/product_cat?post=895"},{"taxonomy":"product_tag","embeddable":true,"href":"https:\/\/buchprinzessin-nina.at\/shop\/wp-json\/wp\/v2\/product_tag?post=895"}],"curies":[{"name":"wp","href":"https:\/\/api.w.org\/{rel}","templated":true}]}}