{"id":1287,"date":"2025-04-28T17:45:27","date_gmt":"2025-04-28T15:45:27","guid":{"rendered":"https:\/\/buchprinzessin-nina.at\/shop\/?post_type=product&#038;p=1287"},"modified":"2025-04-28T17:46:06","modified_gmt":"2025-04-28T15:46:06","slug":"lamy-nexx-fuellhalter-harry-potter-edition","status":"publish","type":"product","link":"https:\/\/buchprinzessin-nina.at\/shop\/produkt\/lamy-nexx-fuellhalter-harry-potter-edition\/","title":{"rendered":"Lamy nexx F\u00fcllhalter &#8211; Harry Potter Edition"},"content":{"rendered":"<p>Ab sofort bei uns erh\u00e4ltlich! Die limitierte Sonderedition von Harry Potter!!!<\/p>\n<p>&nbsp;<\/p>\n<p>Mit der neuen Harry Potter Special Edition erleben Hogwarts-Fans die Magie des Schreibens:<\/p>\n<p>Komfortabler F\u00fcllhalter mit polierter Edelstahlfeder. Rutschfestes, gummiertes Griffst\u00fcck, hochwertige Kunststoffkappe mit Clip und widerstandsf\u00e4higes Geh\u00e4use aus mattem, naturfarben eloxiertem Aluminium. In verschiedenen Federbreiten und auch f\u00fcr Linksh\u00e4nder:innen erh\u00e4ltlich. Inklusive 1 Tintenpatrone LAMY T 10 in blau.<\/p>\n<p>Im Design der vier Hogwarts-H\u00e4user Gryffindor, Slytherin, Ravenclaw und Hufflepuff d\u00fcrfen echte Fans auf keinen Fall verpassen \u2013 und auch in der Sammlung von Design-Fans d\u00fcrfen die einzigartigen St\u00fccke auf keinen Fall fehlen!<\/p>\n<p>&nbsp;<\/p>\n<p><span class=\"text-black text-copy font-normal\">4014519787563<br \/>\n4014519787587<br \/>\n4014519787600<br \/>\n4014519787525<br \/>\n<\/span><\/p>\n","protected":false},"excerpt":{"rendered":"<p>Die limitierte Sonderedition von Lamy meets Harry Potter &#8211; f\u00fcr jedes der H\u00e4user eine eigene Ausgabe als nexx F\u00fcllhalter<\/p>\n","protected":false},"featured_media":1288,"template":"","meta":[],"product_brand":[],"product_cat":[80],"product_tag":[148,127,126,149,145,141,143,128,144,146,147,142],"class_list":{"0":"post-1287","1":"product","2":"type-product","3":"status-publish","4":"has-post-thumbnail","6":"product_cat-schulbedarf-und-buerobedarf","7":"product_tag-buerobedarf","8":"product_tag-fuellfeder","9":"product_tag-fuellhalter","10":"product_tag-geschenksartikel","11":"product_tag-gryffindor","12":"product_tag-harry-potter","13":"product_tag-hufflepuff","14":"product_tag-lamy","15":"product_tag-ravenclaw","16":"product_tag-schulartikel","17":"product_tag-schulbedarf","18":"product_tag-slytherin","19":"product_shipping_class-post-paekchen-s","21":"first","22":"instock","23":"taxable","24":"shipping-taxable","25":"purchasable","26":"product-type-variable"},"_links":{"self":[{"href":"https:\/\/buchprinzessin-nina.at\/shop\/wp-json\/wp\/v2\/product\/1287","targetHints":{"allow":["GET"]}}],"collection":[{"href":"https:\/\/buchprinzessin-nina.at\/shop\/wp-json\/wp\/v2\/product"}],"about":[{"href":"https:\/\/buchprinzessin-nina.at\/shop\/wp-json\/wp\/v2\/types\/product"}],"wp:featuredmedia":[{"embeddable":true,"href":"https:\/\/buchprinzessin-nina.at\/shop\/wp-json\/wp\/v2\/media\/1288"}],"wp:attachment":[{"href":"https:\/\/buchprinzessin-nina.at\/shop\/wp-json\/wp\/v2\/media?parent=1287"}],"wp:term":[{"taxonomy":"product_brand","embeddable":true,"href":"https:\/\/buchprinzessin-nina.at\/shop\/wp-json\/wp\/v2\/product_brand?post=1287"},{"taxonomy":"product_cat","embeddable":true,"href":"https:\/\/buchprinzessin-nina.at\/shop\/wp-json\/wp\/v2\/product_cat?post=1287"},{"taxonomy":"product_tag","embeddable":true,"href":"https:\/\/buchprinzessin-nina.at\/shop\/wp-json\/wp\/v2\/product_tag?post=1287"}],"curies":[{"name":"wp","href":"https:\/\/api.w.org\/{rel}","templated":true}]}}