{"id":1175,"date":"2023-06-27T18:29:45","date_gmt":"2023-06-27T16:29:45","guid":{"rendered":"https:\/\/buchprinzessin-nina.at\/shop\/?post_type=product&#038;p=1175"},"modified":"2024-05-31T23:43:13","modified_gmt":"2024-05-31T21:43:13","slug":"tonies-hoerfiguren-fuer-toniebox-lieblings-kinderlieder-weihnachtslieder-kinderlieder-ab-3-jahren-spielzeit-ca-54-minuten","status":"publish","type":"product","link":"https:\/\/buchprinzessin-nina.at\/shop\/produkt\/tonies-hoerfiguren-fuer-toniebox-lieblings-kinderlieder-weihnachtslieder-kinderlieder-ab-3-jahren-spielzeit-ca-54-minuten\/","title":{"rendered":"tonies H\u00f6rfiguren f\u00fcr Toniebox, Lieblings-Kinderlieder \u2013 Weihnachtslieder, Kinderlieder ab 3 Jahren, Spielzeit ca. 54 Minuten"},"content":{"rendered":"<h2>H\u00f6rfigur f\u00fcr die Toniebox:<\/h2>\n<p>&nbsp;<\/p>\n<p>Traditionelle Weihnachtslieder, neu interpretiert!<\/p>\n<p>&nbsp;<\/p>\n<p>Unser Pinguin hat die sch\u00f6nsten Weihnachtsklassiker in modernem Gewand im Gep\u00e4ck und begleitet euch durch die besinnlichste Zeit des Jahres. Der Bestseller-Tonie erh\u00e4lt eine ausgesuchte Zusammenstellung der beliebtesten traditionellen Weihnachtslieder f\u00fcr Kinder. 24 Songs, mit 54 Minuten Laufzeit wurden brandneu von den Tonies produziert. Jeder Song ist individuell arrangiert, zugleich f\u00fcgen sich alle St\u00fccke sch\u00f6n zusammen. Eine echte &#8230;Ohrenweide, ein w\u00fcrdiges tonies\u00ae Original!<\/p>\n<p>&nbsp;<\/p>\n<p>Tonies sind H\u00f6rfiguren f\u00fcr die Toniebox. Sie machen H\u00f6ren anfassbar, denn mit ihnen bedient man die Toniebox. Man kann sie aber auch sammeln und mit ihnen spielen. Um der Musik zu lauschen, stellt man die H\u00f6rfigur einfach auf die Toniebox.<\/p>\n<p>&nbsp;<\/p>\n<h2>Titelliste<\/h2>\n<p>01 &#8211; Fr\u00f6hliche Weihnachten \u00fcberall<\/p>\n<p>02 &#8211; Lasst uns froh und munter sein<\/p>\n<p>03 &#8211; In der Weihnachtsb\u00e4ckerei<\/p>\n<p>04 &#8211; A, a, a, der Winter, der ist da<\/p>\n<p>05 &#8211; Schneefl\u00f6ckchen, Wei\u00dfr\u00f6ckchen<\/p>\n<p>06 &#8211; Juchhe, der erste Schnee<\/p>\n<p>07 &#8211; Schneefl\u00f6ckchen, tanze<\/p>\n<p>08 &#8211; Alle Jahre wieder<\/p>\n<p>09 &#8211; Leise rieselt der Schnee<\/p>\n<p>10 &#8211; Ihr Kinderlein kommet<\/p>\n<p>11 &#8211; Es ist ein Ros&#8216; entsprungen<\/p>\n<p>12 &#8211; Kling, Gl\u00f6ckchen, klingelingeling<\/p>\n<p>13 &#8211; Macht hoch die T\u00fcr<\/p>\n","protected":false},"excerpt":{"rendered":"<h2>H\u00f6rfigur f\u00fcr die Toniebox:<\/h2>\n<p>&nbsp;<\/p>\n<p>Traditionelle Weihnachtslieder, neu interpretiert!<\/p>\n<p>&nbsp;<\/p>\n<p>Unser Pinguin hat die sch\u00f6nsten Weihnachtsklassiker in modernem Gewand im Gep\u00e4ck und begleitet euch durch die besinnlichste Zeit des Jahres.<\/p>\n<p>Der Bestseller-Tonie erh\u00e4lt eine ausgesuchte Zusammenstellung der beliebtesten traditionellen Weihnachtslieder f\u00fcr Kinder. 24 Songs, mit 54 Minuten Laufzeit wurden brandneu von den Tonies produziert. Jeder Song ist individuell arrangiert, zugleich f\u00fcgen sich alle St\u00fccke sch\u00f6n zusammen. Eine echte &#8230;Ohrenweide, ein w\u00fcrdiges tonies\u00ae Original!<\/p>\n","protected":false},"featured_media":1164,"template":"","meta":[],"product_brand":[],"product_cat":[93],"product_tag":[99,119,125,124,95,120],"class_list":{"0":"post-1175","1":"product","2":"type-product","3":"status-publish","4":"has-post-thumbnail","6":"product_cat-tonies","7":"product_tag-hoerfigur","8":"product_tag-kinderlieder","9":"product_tag-pinguin","10":"product_tag-toniebox","11":"product_tag-tonies","12":"product_tag-weihnachtslieder","13":"product_shipping_class-brief-mittel","15":"first","16":"instock","17":"taxable","18":"shipping-taxable","19":"purchasable","20":"product-type-simple"},"_links":{"self":[{"href":"https:\/\/buchprinzessin-nina.at\/shop\/wp-json\/wp\/v2\/product\/1175","targetHints":{"allow":["GET"]}}],"collection":[{"href":"https:\/\/buchprinzessin-nina.at\/shop\/wp-json\/wp\/v2\/product"}],"about":[{"href":"https:\/\/buchprinzessin-nina.at\/shop\/wp-json\/wp\/v2\/types\/product"}],"wp:featuredmedia":[{"embeddable":true,"href":"https:\/\/buchprinzessin-nina.at\/shop\/wp-json\/wp\/v2\/media\/1164"}],"wp:attachment":[{"href":"https:\/\/buchprinzessin-nina.at\/shop\/wp-json\/wp\/v2\/media?parent=1175"}],"wp:term":[{"taxonomy":"product_brand","embeddable":true,"href":"https:\/\/buchprinzessin-nina.at\/shop\/wp-json\/wp\/v2\/product_brand?post=1175"},{"taxonomy":"product_cat","embeddable":true,"href":"https:\/\/buchprinzessin-nina.at\/shop\/wp-json\/wp\/v2\/product_cat?post=1175"},{"taxonomy":"product_tag","embeddable":true,"href":"https:\/\/buchprinzessin-nina.at\/shop\/wp-json\/wp\/v2\/product_tag?post=1175"}],"curies":[{"name":"wp","href":"https:\/\/api.w.org\/{rel}","templated":true}]}}