{"id":882,"date":"2023-06-13T19:10:00","date_gmt":"2023-06-13T17:10:00","guid":{"rendered":"https:\/\/buchprinzessin-nina.at\/shop\/?page_id=882"},"modified":"2025-03-17T18:58:29","modified_gmt":"2025-03-17T17:58:29","slug":"kontakt","status":"publish","type":"page","link":"https:\/\/buchprinzessin-nina.at\/shop\/kontakt\/","title":{"rendered":"Wir sind f\u00fcr dich da"},"content":{"rendered":"<div class=\"wp-block-columns is-layout-flex wp-container-core-columns-is-layout-28f84493 wp-block-columns-is-layout-flex\"><div class=\"wp-block-column is-layout-flow wp-block-column-is-layout-flow\" style=\"flex-basis:33.33%\"><div class=\"wp-block-contact-form-7-contact-form-selector\">\n<div class=\"wpcf7 no-js\" id=\"wpcf7-f881-o1\" lang=\"de-DE\" dir=\"ltr\" data-wpcf7-id=\"881\">\n<div class=\"screen-reader-response\"><p role=\"status\" aria-live=\"polite\" aria-atomic=\"true\"><\/p> <ul><\/ul><\/div>\n<form action=\"\/shop\/wp-json\/wp\/v2\/pages\/882#wpcf7-f881-o1\" method=\"post\" class=\"wpcf7-form init\" aria-label=\"Kontaktformular\" novalidate=\"novalidate\" data-status=\"init\">\n<div style=\"display: none;\">\n<input type=\"hidden\" name=\"_wpcf7\" value=\"881\" \/>\n<input type=\"hidden\" name=\"_wpcf7_version\" value=\"6.0.6\" \/>\n<input type=\"hidden\" name=\"_wpcf7_locale\" value=\"de_DE\" \/>\n<input type=\"hidden\" name=\"_wpcf7_unit_tag\" value=\"wpcf7-f881-o1\" \/>\n<input type=\"hidden\" name=\"_wpcf7_container_post\" value=\"0\" \/>\n<input type=\"hidden\" name=\"_wpcf7_posted_data_hash\" value=\"\" \/>\n<\/div>\n<p><label> Vorname:<br \/>\n<span class=\"wpcf7-form-control-wrap\" data-name=\"vorname\"><input size=\"40\" maxlength=\"400\" class=\"wpcf7-form-control wpcf7-text wpcf7-validates-as-required\" aria-required=\"true\" aria-invalid=\"false\" placeholder=\"Bitte Vorname eingeben\" value=\"\" type=\"text\" name=\"vorname\" \/><\/span> <\/label>\n<\/p>\n<p><label> Nachname:<br \/>\n<span class=\"wpcf7-form-control-wrap\" data-name=\"nachname\"><input size=\"40\" maxlength=\"400\" class=\"wpcf7-form-control wpcf7-text wpcf7-validates-as-required\" aria-required=\"true\" aria-invalid=\"false\" placeholder=\"Bitte Nachname eingeben\" value=\"\" type=\"text\" name=\"nachname\" \/><\/span> <\/label>\n<\/p>\n<p><label> Telefonnummer:<br \/>\n<span class=\"wpcf7-form-control-wrap\" data-name=\"telefonnummer\"><input size=\"40\" maxlength=\"400\" class=\"wpcf7-form-control wpcf7-tel wpcf7-validates-as-required wpcf7-text wpcf7-validates-as-tel\" aria-required=\"true\" aria-invalid=\"false\" placeholder=\"Bitte Telefonnummer eingeben\" value=\"\" type=\"tel\" name=\"telefonnummer\" \/><\/span> <\/label>\n<\/p>\n<p><label> Email:<br \/>\n<span class=\"wpcf7-form-control-wrap\" data-name=\"email\"><input size=\"40\" maxlength=\"400\" class=\"wpcf7-form-control wpcf7-email wpcf7-validates-as-required wpcf7-text wpcf7-validates-as-email\" aria-required=\"true\" aria-invalid=\"false\" placeholder=\"Bitte Emailadresse eingeben\" value=\"\" type=\"email\" name=\"email\" \/><\/span> <\/label>\n<\/p>\n<p><label> Betreff:<br \/>\n<span class=\"wpcf7-form-control-wrap\" data-name=\"betreff\"><input size=\"40\" maxlength=\"400\" class=\"wpcf7-form-control wpcf7-text wpcf7-validates-as-required\" aria-required=\"true\" aria-invalid=\"false\" placeholder=\"Betreff eingeben\" value=\"\" type=\"text\" name=\"betreff\" \/><\/span> <\/label>\n<\/p>\n<p><label> Deine Nachricht:<br \/>\n<span class=\"wpcf7-form-control-wrap\" data-name=\"text\"><textarea cols=\"40\" rows=\"10\" maxlength=\"2000\" class=\"wpcf7-form-control wpcf7-textarea wpcf7-validates-as-required\" aria-required=\"true\" aria-invalid=\"false\" placeholder=\"Nachricht eingeben\" name=\"text\"><\/textarea><\/span> <\/label>\n<\/p>\n<p><label><br \/>\n<span class=\"wpcf7-form-control-wrap\" data-name=\"dsgvo\"><span class=\"wpcf7-form-control wpcf7-acceptance\"><span class=\"wpcf7-list-item\"><input type=\"checkbox\" name=\"dsgvo\" value=\"1\" aria-invalid=\"false\" \/><\/span><\/span><\/span> Mit dem absenden dieses Formulars erkl\u00e4rst du dich mit der Speicherung und Verarbeitung deiner Daten gem\u00e4\u00df unserer <a href=\"https:\/\/buchprinzessin-nina.at\/shop\/datenschutzerklaerung\/\" target=\"_blank\">Datenschutzerkl\u00e4rung<\/a> einverstanden! <\/label>\n<\/p>\n<p><input class=\"wpcf7-form-control wpcf7-submit has-spinner\" type=\"submit\" value=\"Senden\" \/>\n<\/p><div class=\"wpcf7-response-output\" aria-hidden=\"true\"><\/div>\n<\/form>\n<\/div>\n<\/div><\/div>\n\n<div class=\"wp-block-column is-layout-flow wp-block-column-is-layout-flow\" style=\"flex-basis:66.66%\"><figure class=\"wp-block-image aligncenter size-full is-resized\"><img loading=\"lazy\" decoding=\"async\" width=\"347\" height=\"381\" src=\"https:\/\/buchprinzessin-nina.at\/shop\/wp-content\/uploads\/2023\/06\/logo-buchprinzessin-nina.webp\" alt=\"Eine gezeichnete Prinzessin sitzt auf einem Buch!\" class=\"wp-image-700\" style=\"width:239px;height:262px\" srcset=\"https:\/\/buchprinzessin-nina.at\/shop\/wp-content\/uploads\/2023\/06\/logo-buchprinzessin-nina.webp 347w, https:\/\/buchprinzessin-nina.at\/shop\/wp-content\/uploads\/2023\/06\/logo-buchprinzessin-nina-300x329.webp 300w, https:\/\/buchprinzessin-nina.at\/shop\/wp-content\/uploads\/2023\/06\/logo-buchprinzessin-nina-273x300.webp 273w\" sizes=\"auto, (max-width: 347px) 100vw, 347px\" \/><\/figure>\n\n<p class=\"has-text-align-center\"><strong>BuchPrinzessin NiNa<\/strong><br>Hauptstra\u00dfe 6a<br>3021 Pressbaum<br><a href=\"tel:+43223356626\" data-type=\"tel\" data-id=\"tel:+43223356626\">+43 22 33 566 26<\/a><br><a href=\"mailto:buchprinzessin@gmx.at\">buchprinzessin@gmx.at<\/a><\/p>\n\n<iframe style=\"display: block; margin: 0 auto;\" src=\"https:\/\/www.google.com\/maps\/embed?pb=!1m18!1m12!1m3!1d2660.2145917433513!2d16.087701075997987!3d48.18321674798337!2m3!1f0!2f0!3f0!3m2!1i1024!2i768!4f13.1!3m3!1m2!1s0x476da1ce1e8ef11f%3A0x4c130d1a4c008038!2sBuchPrinzessin%20NiNa!5e0!3m2!1sde!2sat!4v1686676371169!5m2!1sde!2sat\" width=\"600\" height=\"450\" style=\"border:0;\" allowfullscreen=\"\" loading=\"lazy\" referrerpolicy=\"no-referrer-when-downgrade\"><\/iframe><\/div><\/div>","protected":false},"excerpt":{"rendered":"<p>BuchPrinzessin NiNaHauptstra\u00dfe 6a3021 Pressbaum+43 22 33 566 26buchprinzessin@gmx.at<\/p>\n","protected":false},"author":1,"featured_media":700,"parent":0,"menu_order":0,"comment_status":"closed","ping_status":"closed","template":"","meta":{"footnotes":""},"class_list":["post-882","page","type-page","status-publish","has-post-thumbnail","hentry"],"blocksy_meta":{"has_hero_section":"enabled","hero_alignment1":{"desktop":"left","tablet":"left","mobile":"left","__changed":[]},"pageTitleFont":{"family":"Default","variation":"Default","size":{"desktop":"60px","tablet":"60px","mobile":"60px","__changed":[]},"line-height":"CT_CSS_SKIP_RULE","letter-spacing":"CT_CSS_SKIP_RULE","text-transform":"CT_CSS_SKIP_RULE","text-decoration":"CT_CSS_SKIP_RULE"},"styles_descriptor":{"styles":{"desktop":"[data-prefix=\"single_page\"] .entry-header .page-title {--theme-font-size:60px;} [data-prefix=\"single_page\"] .entry-header .entry-meta {--theme-font-weight:600;--theme-text-transform:uppercase;--theme-font-size:12px;--theme-line-height:1.3;} [data-prefix=\"single_page\"] .hero-section[data-type=\"type-1\"] {--alignment:left;}","tablet":"","mobile":""},"google_fonts":[],"version":6}},"_links":{"self":[{"href":"https:\/\/buchprinzessin-nina.at\/shop\/wp-json\/wp\/v2\/pages\/882","targetHints":{"allow":["GET"]}}],"collection":[{"href":"https:\/\/buchprinzessin-nina.at\/shop\/wp-json\/wp\/v2\/pages"}],"about":[{"href":"https:\/\/buchprinzessin-nina.at\/shop\/wp-json\/wp\/v2\/types\/page"}],"author":[{"embeddable":true,"href":"https:\/\/buchprinzessin-nina.at\/shop\/wp-json\/wp\/v2\/users\/1"}],"replies":[{"embeddable":true,"href":"https:\/\/buchprinzessin-nina.at\/shop\/wp-json\/wp\/v2\/comments?post=882"}],"version-history":[{"count":9,"href":"https:\/\/buchprinzessin-nina.at\/shop\/wp-json\/wp\/v2\/pages\/882\/revisions"}],"predecessor-version":[{"id":1272,"href":"https:\/\/buchprinzessin-nina.at\/shop\/wp-json\/wp\/v2\/pages\/882\/revisions\/1272"}],"wp:featuredmedia":[{"embeddable":true,"href":"https:\/\/buchprinzessin-nina.at\/shop\/wp-json\/wp\/v2\/media\/700"}],"wp:attachment":[{"href":"https:\/\/buchprinzessin-nina.at\/shop\/wp-json\/wp\/v2\/media?parent=882"}],"curies":[{"name":"wp","href":"https:\/\/api.w.org\/{rel}","templated":true}]}}