{"id":674,"date":"2023-05-31T11:07:45","date_gmt":"2023-05-31T09:07:45","guid":{"rendered":"https:\/\/buchprinzessin-nina.at\/shop\/bezahlmoeglichkeiten\/"},"modified":"2023-06-23T14:41:06","modified_gmt":"2023-06-23T12:41:06","slug":"bezahlmoeglichkeiten","status":"publish","type":"page","link":"https:\/\/buchprinzessin-nina.at\/shop\/bezahlmoeglichkeiten\/","title":{"rendered":"Zahlungsarten"},"content":{"rendered":"<h2 class=\"wp-block-heading\">Direkte Bank\u00fcberweisung<\/h2><p>W\u00e4hle diese Zahlungsmethode, um den Betrag f\u00fcr deinen Einkauf bequem von deinem Bankkonto auf unser Konto zu \u00fcberweisen. Nachdem du deine Bestellung abgeschickt hast, erh\u00e4ltst du von uns alle erforderlichen Informationen, einschlie\u00dflich unserer Kontodaten. Verwende diese Informationen, um die \u00dcberweisung entweder online \u00fcber dein Banking-Portal oder pers\u00f6nlich in einer Bankfiliale vorzunehmen. Bitte gib den exakten Betrag und gegebenenfalls einen Verwendungszweck an, damit wir deine Zahlung schnell zuordnen k\u00f6nnen. Sobald die Zahlung bei uns eingeht, erh\u00e4ltst du eine Best\u00e4tigung von uns. Bitte beachte, dass es einige Zeit dauern kann, bis die Zahlung verarbeitet wird.<\/p><h2 class=\"wp-block-heading\">Lastschrift<\/h2><p>Mit der Zahlungsmethode Lastschrift kannst du deinen Einkauf bequem und sicher bezahlen. Indem du uns deine Bankverbindung angibst, erm\u00e4chtigst du uns, den f\u00e4lligen Betrag von deinem Konto abzubuchen. Nachdem du deine Bestellung aufgegeben hast, werden wir die Zahlung in der Regel automatisch von deinem Konto einziehen. Bitte stelle sicher, dass dein Konto ausreichend gedeckt ist, um die Zahlung erfolgreich durchf\u00fchren zu k\u00f6nnen. Bei erfolgreicher Abbuchung erh\u00e4ltst du von uns eine Best\u00e4tigung.<\/p><h2 class=\"wp-block-heading\">PayPal<\/h2><p>W\u00e4hle die Zahlungsmethode PayPal, um deinen Einkauf einfach, sicher und schnell abzuwickeln. Nachdem du deine Bestellung aufgegeben hast, wirst du auf die PayPal-Seite weitergeleitet. Dort kannst du dich mit deinem PayPal-Konto anmelden und die Zahlung best\u00e4tigen. PayPal erm\u00f6glicht es dir, entweder direkt von deinem PayPal-Guthaben, deinem hinterlegten Bankkonto oder deiner Kreditkarte zu bezahlen. Deine sensiblen Zahlungsinformationen werden dabei nicht an den Shop weitergegeben, wodurch ein zus\u00e4tzlicher Schutz gew\u00e4hrleistet ist. Sobald die Zahlung erfolgreich abgeschlossen ist, erh\u00e4ltst du eine Best\u00e4tigung von uns und wir werden deine Bestellung bearbeiten.<\/p><div class=\"wp-block-group is-layout-constrained wp-block-group-is-layout-constrained\"><p class=\"has-text-align-center\"><strong>Hast du Fragen? Dann melde dich bei uns!<\/strong><\/p>\n\n<div class=\"wp-block-buttons is-content-justification-center is-layout-flex wp-container-core-buttons-is-layout-a89b3969 wp-block-buttons-is-layout-flex\"><div class=\"wp-block-button\"><a class=\"wp-block-button__link wp-element-button\" href=\"https:\/\/buchprinzessin-nina.at\/shop\/kontakt\/\">Kontakt<\/a><\/div><\/div><\/div>","protected":false},"excerpt":{"rendered":"<p>Direkte Bank\u00fcberweisung W\u00e4hle diese Zahlungsmethode, um den Betrag f\u00fcr deinen Einkauf bequem von deinem Bankkonto auf unser Konto zu \u00fcberweisen. Nachdem du deine Bestellung abgeschickt hast, erh\u00e4ltst du von uns alle erforderlichen Informationen, einschlie\u00dflich unserer Kontodaten. Verwende diese Informationen, um die \u00dcberweisung entweder online \u00fcber dein Banking-Portal oder pers\u00f6nlich in einer Bankfiliale vorzunehmen. Bitte gib [&hellip;]<\/p>\n","protected":false},"author":1,"featured_media":0,"parent":0,"menu_order":0,"comment_status":"closed","ping_status":"closed","template":"","meta":{"footnotes":""},"class_list":["post-674","page","type-page","status-publish","hentry"],"blocksy_meta":[],"_links":{"self":[{"href":"https:\/\/buchprinzessin-nina.at\/shop\/wp-json\/wp\/v2\/pages\/674","targetHints":{"allow":["GET"]}}],"collection":[{"href":"https:\/\/buchprinzessin-nina.at\/shop\/wp-json\/wp\/v2\/pages"}],"about":[{"href":"https:\/\/buchprinzessin-nina.at\/shop\/wp-json\/wp\/v2\/types\/page"}],"author":[{"embeddable":true,"href":"https:\/\/buchprinzessin-nina.at\/shop\/wp-json\/wp\/v2\/users\/1"}],"replies":[{"embeddable":true,"href":"https:\/\/buchprinzessin-nina.at\/shop\/wp-json\/wp\/v2\/comments?post=674"}],"version-history":[{"count":7,"href":"https:\/\/buchprinzessin-nina.at\/shop\/wp-json\/wp\/v2\/pages\/674\/revisions"}],"predecessor-version":[{"id":1073,"href":"https:\/\/buchprinzessin-nina.at\/shop\/wp-json\/wp\/v2\/pages\/674\/revisions\/1073"}],"wp:attachment":[{"href":"https:\/\/buchprinzessin-nina.at\/shop\/wp-json\/wp\/v2\/media?parent=674"}],"curies":[{"name":"wp","href":"https:\/\/api.w.org\/{rel}","templated":true}]}}