{"id":673,"date":"2023-05-31T11:07:45","date_gmt":"2023-05-31T09:07:45","guid":{"rendered":"https:\/\/buchprinzessin-nina.at\/shop\/versandarten\/"},"modified":"2023-06-28T10:42:53","modified_gmt":"2023-06-28T08:42:53","slug":"versandarten","status":"publish","type":"page","link":"https:\/\/buchprinzessin-nina.at\/shop\/versandarten\/","title":{"rendered":"Versandarten"},"content":{"rendered":"<h2 class=\"wp-block-heading\">Versandkosten und Lieferzeiten<\/h2><div class=\"wp-block-group is-layout-constrained wp-block-group-is-layout-constrained\"><h3 class=\"wp-block-heading\">Versandkosten und Lieferzeiten innerhalb \u00d6sterreichs<\/h3>\n\n<p>Die voraussichtliche Lieferzeit liegt bei 2 &#8211; 5 Werktagen!<\/p>\n\n<p>Ab einem Mindestbestellwert von \u20ac 200,00 liefern wir innerhalb von \u00d6sterreich versandkostenfrei!<\/p>\n\n<p>Bei Bestellungen unter \u20ac 200,00 berechnen wir Versandkosten je nach Gewicht und Gr\u00f6\u00dfe der Sendung:<\/p>\n\n<figure class=\"wp-block-table\"><table class=\"has-fixed-layout\"><thead><tr><th>Versandart<\/th><th>Versandkosten<\/th><\/tr><\/thead><tbody><tr><td>Brief S &#8211; L 235 \u00d7 B 162 \u00d7 H 5 mm &#8211; bis 20 g<\/td><td>\u20ac 1,00,- zzgl. \u20ac 0,25,- Sendungsverfolgung und Haftung zzgl. MwSt.<\/td><\/tr><tr><td>Brief M &#8211; L 235 \u00d7 B 162 \u00d7 H 5 mm &#8211; 20 g bis 75 g <\/td><td>\u20ac 1,50,- zzgl. \u20ac 0,25,- Sendungsverfolgung und Haftung zzgl. MwSt.<\/td><\/tr><tr><td>P\u00e4ckchen S &#8211; L 353 \u00d7 B 250 \u00d7 H 30 mm &#8211; bis 2 kg<\/td><td>\u20ac 3,00,- zzgl. \u20ac 0,25,- Sendungsverfolgung und Haftung zzgl. MwSt.<\/td><\/tr><tr><td>P\u00e4kchen M &#8211; L+B+H (bzw. bei Rollen L+2-facher Durchmesser)<br>max. 900 mm, gr\u00f6\u00dfte Ausdehnung max. 500 mm &#8211; bis 2 kg<\/td><td>\u20ac 4,50,- zzgl. \u20ac 0,25,- Sendungsverfolgung und Haftung zzgl. MwSt.<\/td><\/tr><tr><td>Paket S &#8211; Quader, kleiner\/gleich<br>L 100 \u00d7 B 60 \u00d7 H 60 cm &#8211; bis 2kg<\/td><td>\u20ac 6,31,- zzgl. MwSt.<\/td><\/tr><tr><td>Paket M &#8211; Quader, kleiner\/gleich<br>L 100 \u00d7 B 60 \u00d7 H 60 cm &#8211; bis 4kg<\/td><td>\u20ac 7,36,- zzgl. MwSt.<\/td><\/tr><tr><td>Paket L &#8211; Quader, kleiner\/gleich<br>L 100 \u00d7 B 60 \u00d7 H 60 cm &#8211; bis 10kg<\/td><td>\u20ac 10,51,- zzgl. MwSt.<\/td><\/tr><\/tbody><\/table><\/figure><\/div><div class=\"wp-block-group is-layout-constrained wp-block-group-is-layout-constrained\"><h3 class=\"wp-block-heading\">Versandkosten und Lieferzeiten nach Deutschland<\/h3>\n\n<p>Die voraussichtliche Lieferzeit liegt bei 3 &#8211; 10 Werktagen!<\/p>\n\n<figure class=\"wp-block-table\"><table class=\"has-fixed-layout\"><thead><tr><th>Versandart<\/th><th>Versandkosten<\/th><\/tr><\/thead><tbody><tr><td>Brief S &#8211; L 235 \u00d7 B 162 \u00d7 H 5 mm &#8211; bis 20 g<\/td><td>\u20ac 1,45,- zzgl. MwSt.<\/td><\/tr><tr><td>P\u00e4ckchen S &#8211; L 353 \u00d7 B 250 \u00d7 H 30 mm &#8211; bis 2 kg<\/td><td>\u20ac 6,50,- zzgl. MwSt.<\/td><\/tr><tr><td>P\u00e4kchen M &#8211; L + B + H = 900 mm<br>gr\u00f6\u00dfte Ausdehnung 500 mm &#8211; bis 2 kg<\/td><td>\u20ac 9,90,- zzgl. MwSt.<\/td><\/tr><tr><td>Paket S &#8211; Quader, kleiner\/gleich<br>L 100 \u00d7 B 60 \u00d7 H 60 cm &#8211; bis 1kg<\/td><td>\u20ac 14,02,- zzgl. MwSt.<\/td><\/tr><tr><td>Paket L &#8211; Quader, kleiner\/gleich<br>L 100 \u00d7 B 60 \u00d7 H 60 cm &#8211; bis 10kg<\/td><td>\u20ac 39,52,- zzgl. MwSt.<\/td><\/tr><\/tbody><\/table><\/figure>\n\n<h2 class=\"wp-block-heading\">Versand und Lieferung<\/h2>\n\n<p>Sofort lieferbare Artikel werden je nach Bestelleingang und erfolgter Bezahlung am selben oder am n\u00e4chsten Werktag an den Zustelldienstleister \u00fcbergeben! Aufgrund von witterungs- oder verkehrsbedingten Einfl\u00fcssen, kann die vorgegebene Lieferzeit aber nicht immer garantiert werden!<\/p>\n\n<h2 class=\"wp-block-heading\">Lieferung von Mischbestellungen<\/h2>\n\n<p>Bei Mischbestellungen, kann eine gleichzeitige Lieferung der Artikel nicht garantiert werden!<\/p>\n\n<h2 class=\"wp-block-heading\">Abholung in der Buchhandlung<\/h2>\n\n<p>Wenn du deine Bestellung w\u00e4hrend der \u00d6ffnungszeiten unseres Gesch\u00e4ftslokals aufgibst und die gew\u00fcnschten Artikel vorr\u00e4tig sind, stellen unsere Mitarbeiter sie so rasch als m\u00f6glich f\u00fcr dich zusammen und legen sie zur Abholung bereit.<\/p>\n\n<p>Bitte beachte, dass es aufgrund begrenzter Best\u00e4nde trotz st\u00e4ndiger Aktualisierung vorkommen kann, dass Artikel zwischenzeitlich ausverkauft sind. Wir bitten um dein Verst\u00e4ndnis, falls es zu etwaigen Unannehmlichkeiten kommt.<\/p>\n\n<div class=\"wp-block-group is-layout-constrained wp-block-group-is-layout-constrained\"><p class=\"has-text-align-center\"><strong>Hast du Fragen? Dann melde dich bei uns!<\/strong><\/p>\n\n<div class=\"wp-block-buttons is-content-justification-center is-layout-flex wp-container-core-buttons-is-layout-a89b3969 wp-block-buttons-is-layout-flex\"><div class=\"wp-block-button\"><a class=\"wp-block-button__link wp-element-button\" href=\"https:\/\/buchprinzessin-nina.at\/shop\/kontakt\/\">Kontakt<\/a><\/div><\/div><\/div><\/div>","protected":false},"excerpt":{"rendered":"<p>Versandkosten und Lieferzeiten Versandkosten und Lieferzeiten innerhalb \u00d6sterreichs Die voraussichtliche Lieferzeit liegt bei 2 &#8211; 5 Werktagen! Ab einem Mindestbestellwert von \u20ac 200,00 liefern wir innerhalb von \u00d6sterreich versandkostenfrei! Bei Bestellungen unter \u20ac 200,00 berechnen wir Versandkosten je nach Gewicht und Gr\u00f6\u00dfe der Sendung: Versandart Versandkosten Brief S &#8211; L 235 \u00d7 B 162 \u00d7 [&hellip;]<\/p>\n","protected":false},"author":1,"featured_media":0,"parent":0,"menu_order":0,"comment_status":"closed","ping_status":"closed","template":"","meta":{"footnotes":""},"class_list":["post-673","page","type-page","status-publish","hentry"],"blocksy_meta":[],"_links":{"self":[{"href":"https:\/\/buchprinzessin-nina.at\/shop\/wp-json\/wp\/v2\/pages\/673","targetHints":{"allow":["GET"]}}],"collection":[{"href":"https:\/\/buchprinzessin-nina.at\/shop\/wp-json\/wp\/v2\/pages"}],"about":[{"href":"https:\/\/buchprinzessin-nina.at\/shop\/wp-json\/wp\/v2\/types\/page"}],"author":[{"embeddable":true,"href":"https:\/\/buchprinzessin-nina.at\/shop\/wp-json\/wp\/v2\/users\/1"}],"replies":[{"embeddable":true,"href":"https:\/\/buchprinzessin-nina.at\/shop\/wp-json\/wp\/v2\/comments?post=673"}],"version-history":[{"count":40,"href":"https:\/\/buchprinzessin-nina.at\/shop\/wp-json\/wp\/v2\/pages\/673\/revisions"}],"predecessor-version":[{"id":1072,"href":"https:\/\/buchprinzessin-nina.at\/shop\/wp-json\/wp\/v2\/pages\/673\/revisions\/1072"}],"wp:attachment":[{"href":"https:\/\/buchprinzessin-nina.at\/shop\/wp-json\/wp\/v2\/media?parent=673"}],"curies":[{"name":"wp","href":"https:\/\/api.w.org\/{rel}","templated":true}]}}